{"id":816,"date":"2021-06-29T17:14:07","date_gmt":"2021-06-29T15:14:07","guid":{"rendered":"https:\/\/glassandartbyf.com\/?page_id=816"},"modified":"2021-09-15T12:15:08","modified_gmt":"2021-09-15T10:15:08","slug":"private-individuals","status":"publish","type":"page","link":"https:\/\/glassandartbyf.com\/en\/private-individuals\/","title":{"rendered":"Private individuals"},"content":{"rendered":"<div class=\"wpb-content-wrapper\"><p>[vc_row content_placement=&#8221;middle&#8221; parallax=&#8221;enable_parallax&#8221; bg_position=&#8221;center center&#8221; enable_overlay=&#8221;yes&#8221; css=&#8221;.vc_custom_1625071421281{padding-top: 50px !important;padding-bottom: 30px !important;background: #474646 url(https:\/\/glassandartbyf.com\/wp-content\/uploads\/2021\/03\/GLASSANDART_C_AMBIANCE-BD.jpg?id=64);background-position:center;background-repeat: no-repeat !important;background-size: cover !important;}&#8221; overlay_bg=&#8221;rgba(143, 148, 171, 0.75)&#8221; responsive_css=&#8221;padding_top_medium:90px|padding_bottom_medium:70px&#8221;][vc_column enable_content_animation=&#8221;yes&#8221; ca_init_scale_x=&#8221;1&#8243; ca_init_scale_y=&#8221;1&#8243; ca_init_scale_z=&#8221;1&#8243; ca_init_opacity=&#8221;0&#8243; ca_an_scale_x=&#8221;1&#8243; ca_an_scale_y=&#8221;1&#8243; ca_an_scale_z=&#8221;1&#8243; ca_an_opacity=&#8221;1&#8243; align=&#8221;text-center&#8221; offset=&#8221;vc_col-md-offset-2 vc_col-md-8&#8243; ca_duration=&#8221;1600&#8243; ca_delay=&#8221;160&#8243; ca_init_translate_y=&#8221;50&#8243;]<style>.ld_fancy_heading_69e55aba7c698 h1{color:rgb(255, 255, 255);}.ld_fancy_heading_69e55aba7c698 h1 {margin-bottom:0.5em !important;  } .ld_fancy_heading_69e55aba7c698 .lqd-highlight-inner{height:0.275em;bottom:0px;}.ld_fancy_heading_69e55aba7c698 h1 {margin-bottom:0.5em !important;  } <\/style><div class=\"ld-fancy-heading ld_fancy_heading_69e55aba7c698\">\n\t<h1 class=\"lqd-highlight-underline lqd-highlight-grow-left\" ><span class=\"ld-fh-txt\"> Private individuals<\/span><\/h1><\/div>[\/vc_column][\/vc_row][vc_row][vc_column]<style>.ld_spacer_69e55aba7c81f{height:70px;}<\/style>\n<div class=\"ld-empty-space ld_spacer_69e55aba7c81f\"><span class=\"liquid_empty_space_inner\"><\/span><\/div>[\/vc_column][\/vc_row][vc_row][vc_column offset=&#8221;vc_col-md-offset-1 vc_col-md-10&#8243;]<style>.ld_fancy_heading_69e55aba7c934 .lqd-highlight-inner{height:0.275em;bottom:0px;}<\/style><div class=\"ld-fancy-heading text-center ld_fancy_heading_69e55aba7c934\">\n\t<h2 class=\"lqd-highlight-underline lqd-highlight-grow-left\" data-split-text=\"true\" data-custom-animations=\"true\" data-ca-options='{\"triggerHandler\":\"inview\",\"animationTarget\":\".lqd-words .split-inner\",\"duration\":\"1200\",\"delay\":\"140\",\"easing\":\"easeOutQuint\",\"direction\":\"forward\",\"initValues\":{\"translateY\":23,\"rotateZ\":7,\"opacity\":0},\"animations\":{\"translateY\":0,\"rotateZ\":0,\"opacity\":1}}' data-split-options='{\"type\":\"words\"}'><span class=\"ld-fh-txt\"> Together<\/span><\/h2><\/div><style>.ld_spacer_69e55aba7c9fa{height:30px;}<\/style>\n<div class=\"ld-empty-space ld_spacer_69e55aba7c9fa\"><span class=\"liquid_empty_space_inner\"><\/span><\/div>[vc_column_text]<\/p>\n<p style=\"text-align: center;\">Our journey starts with a meeting.<br \/>\nIn this meeting, I soak up your universe, your colors.<\/p>\n<p style=\"text-align: center;\">My workshop in Chatou (78) is open to you whenever you wish.<\/p>\n<p>[\/vc_column_text]<style>.ld_spacer_69e55aba7ca47{height:70px;}<\/style>\n<div class=\"ld-empty-space ld_spacer_69e55aba7ca47\"><span class=\"liquid_empty_space_inner\"><\/span><\/div>[\/vc_column][\/vc_row][vc_row gap=&#8221;35&#8243;][vc_column width=&#8221;1\/2&#8243;][vc_column_text]<img loading=\"lazy\" decoding=\"async\" class=\"aligncenter wp-image-387\" src=\"https:\/\/glassandartbyf.com\/wp-content\/uploads\/2021\/07\/atelier-glass-art.jpg\" alt=\"\" width=\"550\" height=\"613\" srcset=\"https:\/\/glassandartbyf.com\/wp-content\/uploads\/2021\/07\/atelier-glass-art.jpg 745w, https:\/\/glassandartbyf.com\/wp-content\/uploads\/2021\/07\/atelier-glass-art-269x300.jpg 269w\" sizes=\"auto, (max-width: 550px) 100vw, 550px\" \/>[\/vc_column_text][\/vc_column][vc_column width=&#8221;1\/2&#8243;]<style>.ld_spacer_69e55aba7caa1{height:70px;}<\/style>\n<div class=\"ld-empty-space ld_spacer_69e55aba7caa1\"><span class=\"liquid_empty_space_inner\"><\/span><\/div>[vc_column_text]You want to stage and enhance the personality of a place with exceptional works?<\/p>\n<p>I conceive and realize for you original works to dress, decorate, illuminate, your interiors, giving them an energy and a unique imprint.<\/p>\n<p>In each place, you are looking for light, colors, energy to illuminate the space.[\/vc_column_text][\/vc_column][\/vc_row][vc_row][vc_column]<style>.ld_spacer_69e55aba7cae3{height:100px;}<\/style>\n<div class=\"ld-empty-space ld_spacer_69e55aba7cae3\"><span class=\"liquid_empty_space_inner\"><\/span><\/div>[\/vc_column][\/vc_row][vc_row content_placement=&#8221;middle&#8221; css=&#8221;.vc_custom_1624026956024{padding-top: 100px !important;padding-bottom: 75px !important;background-color: #f7f7f7 !important;}&#8221;][vc_column align=&#8221;text-center&#8221; offset=&#8221;vc_col-md-5&#8243;]<style>.ld_fancy_heading_69e55aba7cb66 h2{font-size:30px;}@media (min-width: 992px) { .ld_fancy_heading_69e55aba7cb66 h2 {margin-bottom:0.2em !important;  }  } .ld_fancy_heading_69e55aba7cb66 .lqd-highlight-inner{height:0.275em;bottom:0px;}@media (min-width: 992px) { .ld_fancy_heading_69e55aba7cb66 h2 {margin-bottom:0.2em !important;  }  } <\/style><div class=\"ld-fancy-heading text-center ld_fancy_heading_69e55aba7cb66\">\n\t<h2 class=\"lqd-highlight-underline lqd-highlight-grow-left\" ><span class=\"ld-fh-txt\"> Enlighten your living room<br \/>\nwith a moon table.<\/span><\/h2><\/div><style>.ld_spacer_69e55aba7cc37{height:32px;}<\/style>\n<div class=\"ld-empty-space ld_spacer_69e55aba7cc37\"><span class=\"liquid_empty_space_inner\"><\/span><\/div>[\/vc_column][vc_column align=&#8221;text-center&#8221; offset=&#8221;vc_col-md-offset-1 vc_col-md-6&#8243;]<div id=\"ld_images_group_container_69e55aba7ccce\" class=\"liquid-img-group-container ld_images_group_container_69e55aba7ccce\"  >\n\t<div class=\"liquid-img-group-inner\">\n\t\t<div id=\"ld_images_group_element_69e55aba7ce41\" class=\"liquid-img-group-single ld_images_group_element_69e55aba7ce41\" data-reveal=\"true\" data-reveal-options='{\"direction\":\"rl\",\"bgcolor\":\"rgb(23, 37, 49)\",\"delay\":\"\"}'>\n\t\n\t\t\n\t<div class=\"liquid-img-group-img-container\">\n\t\t\n\t\t\n\t\t\t\t\n\t\t\t\t<div class=\"liquid-img-container-inner\" >\n\t\t\t<figure ><img loading=\"lazy\" decoding=\"async\" width=\"555\" height=\"416\" src=\"data:image\/svg+xml;charset=utf-8,&lt;svg xmlns%3D&#039;http%3A%2F%2Fwww.w3.org%2F2000%2Fsvg&#039; viewBox%3D&#039;0 0 555 416&#039;%2F&gt;\" class=\"attachment-full size-full ld-lazyload\" alt=\"\" srcset=\"\" sizes=\"auto, (max-width: 555px) 100vw, 555px\" data-src=\"https:\/\/glassandartbyf.com\/wp-content\/uploads\/2021\/07\/table-lune.jpg\" data-srcset=\"https:\/\/glassandartbyf.com\/wp-content\/uploads\/2021\/07\/table-lune.jpg 555w, https:\/\/glassandartbyf.com\/wp-content\/uploads\/2021\/07\/table-lune-300x225.jpg 300w\" data-aspect=\"1.3341346153846\" \/><\/figure>\t\t\t\t\t<\/div><!-- \/.liquid-img-container-inner -->\n\t\t\n\t<\/div><!-- \/.liquid-img-group-content -->\n<\/div><!-- \/.liquid-img-group-single -->\n\t\n\t<\/div><!-- \/.liquid-img-group-inner -->\n<\/div><!-- \/.liquid-img-group-container -->[\/vc_column][\/vc_row][vc_row content_placement=&#8221;middle&#8221; css=&#8221;.vc_custom_1627397840039{padding-top: 100px !important;padding-bottom: 75px !important;}&#8221;][vc_column align=&#8221;text-center&#8221; offset=&#8221;vc_col-md-5&#8243;]<style>.ld_fancy_heading_69e55aba88eda h2{font-size:30px;}@media (min-width: 992px) { .ld_fancy_heading_69e55aba88eda h2 {margin-bottom:0.2em !important;  }  } .ld_fancy_heading_69e55aba88eda .lqd-highlight-inner{height:0.275em;bottom:0px;}@media (min-width: 992px) { .ld_fancy_heading_69e55aba88eda h2 {margin-bottom:0.2em !important;  }  } <\/style><div class=\"ld-fancy-heading ld_fancy_heading_69e55aba88eda\">\n\t<h2 class=\"lqd-highlight-underline lqd-highlight-grow-left\" ><span class=\"ld-fh-txt\"> Sublimate a wall with a decorative laminated glass panel or painting tinted with blue and fibers that change color depending on the angle you look at it<\/span><\/h2><\/div><style>.ld_spacer_69e55aba8903a{height:32px;}<\/style>\n<div class=\"ld-empty-space ld_spacer_69e55aba8903a\"><span class=\"liquid_empty_space_inner\"><\/span><\/div>[\/vc_column][vc_column align=&#8221;text-center&#8221; offset=&#8221;vc_col-md-offset-1 vc_col-md-6&#8243;]<div id=\"ld_images_group_container_69e55aba89126\" class=\"liquid-img-group-container ld_images_group_container_69e55aba89126\"  >\n\t<div class=\"liquid-img-group-inner\">\n\t\t<div id=\"ld_images_group_element_69e55aba8929e\" class=\"liquid-img-group-single ld_images_group_element_69e55aba8929e\" data-reveal=\"true\" data-reveal-options='{\"direction\":\"rl\",\"bgcolor\":\"rgb(23, 37, 49)\",\"delay\":\"\"}'>\n\t\n\t\t\n\t<div class=\"liquid-img-group-img-container\">\n\t\t\n\t\t\n\t\t\t\t\n\t\t\t\t<div class=\"liquid-img-container-inner\" >\n\t\t\t<figure ><img loading=\"lazy\" decoding=\"async\" width=\"456\" height=\"453\" src=\"data:image\/svg+xml;charset=utf-8,&lt;svg xmlns%3D&#039;http%3A%2F%2Fwww.w3.org%2F2000%2Fsvg&#039; viewBox%3D&#039;0 0 570 567&#039;%2F&gt;\" srcset=\"\" class=\" ld-lazyload\" alt=\"\" data-src=\"https:\/\/glassandartbyf.com\/wp-content\/uploads\/2021\/07\/TABLEAU_005-BD-570-567.jpg\" data-srcset=\"https:\/\/glassandartbyf.com\/wp-content\/uploads\/2021\/07\/TABLEAU_005-BD-570-567-300x298.jpg 300w, https:\/\/glassandartbyf.com\/wp-content\/uploads\/2021\/07\/TABLEAU_005-BD-570-567-150x150.jpg 150w, https:\/\/glassandartbyf.com\/wp-content\/uploads\/2021\/07\/TABLEAU_005-BD-570-567.jpg 570w\" data-aspect=\"1.005291005291\" \/><\/figure>\t\t\t\t\t<\/div><!-- \/.liquid-img-container-inner -->\n\t\t\n\t<\/div><!-- \/.liquid-img-group-content -->\n<\/div><!-- \/.liquid-img-group-single -->\n\t\n\t<\/div><!-- \/.liquid-img-group-inner -->\n<\/div><!-- \/.liquid-img-group-container -->[\/vc_column][\/vc_row][vc_row css=&#8221;.vc_custom_1627399028293{padding-top: 100px !important;padding-bottom: 75px !important;background-color: #f7f7f7 !important;}&#8221;][vc_column offset=&#8221;vc_col-md-offset-1 vc_col-md-10&#8243;]<style>@media (min-width: 992px) { .ld_fancy_heading_69e55aba98305 h3 {margin-bottom:0.2em !important;  }  } .ld_fancy_heading_69e55aba98305 .lqd-highlight-inner{height:0.275em;bottom:0px;}@media (min-width: 992px) { .ld_fancy_heading_69e55aba98305 h3 {margin-bottom:0.2em !important;  }  } <\/style><div class=\"ld-fancy-heading text-center ld_fancy_heading_69e55aba98305\">\n\t<h3 class=\"lqd-highlight-underline lqd-highlight-grow-left\" ><span class=\"ld-fh-txt\"> Working with materials<\/span><\/h3><\/div><style>.ld_spacer_69e55aba98452{height:60px;}<\/style>\n<div class=\"ld-empty-space ld_spacer_69e55aba98452\"><span class=\"liquid_empty_space_inner\"><\/span><\/div>[vc_column_text]I superimpose materials, combine colors to bring movement, <strong>brightness<\/strong> and <strong>joy<\/strong> to your home. Like my work, I am always on the move to bring innovation in my approach or in the choice of materials I use.[\/vc_column_text]<style>.ld_spacer_69e55aba984b9{height:60px;}<\/style>\n<div class=\"ld-empty-space ld_spacer_69e55aba984b9\"><span class=\"liquid_empty_space_inner\"><\/span><\/div>[vc_row_inner][vc_column_inner width=&#8221;1\/2&#8243;][vc_column_text]<img loading=\"lazy\" decoding=\"async\" class=\"aligncenter wp-image-391\" src=\"https:\/\/glassandartbyf.com\/wp-content\/uploads\/2021\/07\/plateau-brise.jpg\" alt=\"\" width=\"457\" height=\"448\" srcset=\"https:\/\/glassandartbyf.com\/wp-content\/uploads\/2021\/07\/plateau-brise.jpg 550w, https:\/\/glassandartbyf.com\/wp-content\/uploads\/2021\/07\/plateau-brise-300x294.jpg 300w\" sizes=\"auto, (max-width: 457px) 100vw, 457px\" \/>[\/vc_column_text][\/vc_column_inner][vc_column_inner width=&#8221;1\/2&#8243;][vc_column_text]<img loading=\"lazy\" decoding=\"async\" class=\"aligncenter wp-image-392\" src=\"https:\/\/glassandartbyf.com\/wp-content\/uploads\/2021\/07\/face-plateau-feuille.jpg\" alt=\"\" width=\"447\" height=\"448\" srcset=\"https:\/\/glassandartbyf.com\/wp-content\/uploads\/2021\/07\/face-plateau-feuille.jpg 550w, https:\/\/glassandartbyf.com\/wp-content\/uploads\/2021\/07\/face-plateau-feuille-300x300.jpg 300w, https:\/\/glassandartbyf.com\/wp-content\/uploads\/2021\/07\/face-plateau-feuille-150x150.jpg 150w\" sizes=\"auto, (max-width: 447px) 100vw, 447px\" \/>[\/vc_column_text][\/vc_column_inner][\/vc_row_inner][\/vc_column][\/vc_row][vc_row css=&#8221;.vc_custom_1627399180536{padding-top: 100px !important;padding-bottom: 75px !important;}&#8221;][vc_column offset=&#8221;vc_col-md-offset-1 vc_col-md-10&#8243;]<style>@media (min-width: 992px) { .ld_fancy_heading_69e55aba98547 h3 {margin-bottom:0.2em !important;  }  } .ld_fancy_heading_69e55aba98547 .lqd-highlight-inner{height:0.275em;bottom:0px;}@media (min-width: 992px) { .ld_fancy_heading_69e55aba98547 h3 {margin-bottom:0.2em !important;  }  } <\/style><div class=\"ld-fancy-heading text-center ld_fancy_heading_69e55aba98547\">\n\t<h3 class=\"lqd-highlight-underline lqd-highlight-grow-left\" ><span class=\"ld-fh-txt\"> A meeting of the being and the work<\/span><\/h3><\/div><style>.ld_spacer_69e55aba985fe{height:60px;}<\/style>\n<div class=\"ld-empty-space ld_spacer_69e55aba985fe\"><span class=\"liquid_empty_space_inner\"><\/span><\/div>[vc_row_inner][vc_column_inner video_bg=&#8221;yes&#8221; mobile_video_bg=&#8221;yes&#8221; width=&#8221;1\/2&#8243;][vc_column_text]Creation is an emotional meeting. In people as in my creations, I look for depth, relief and colour.<\/p>\n<p>To provoke this meeting, I am inspired by you, your world, your colours, your emotions.<\/p>\n<p>In each of my creations, I invite you to dream, to magic, to well-being and to an inner journey.[\/vc_column_text][\/vc_column_inner][vc_column_inner width=&#8221;1\/2&#8243;][vc_column_text]<img loading=\"lazy\" decoding=\"async\" class=\"aligncenter size-full wp-image-393\" src=\"https:\/\/glassandartbyf.com\/wp-content\/uploads\/2021\/07\/photos-mains.jpg\" alt=\"\" width=\"335\" height=\"234\" srcset=\"https:\/\/glassandartbyf.com\/wp-content\/uploads\/2021\/07\/photos-mains.jpg 335w, https:\/\/glassandartbyf.com\/wp-content\/uploads\/2021\/07\/photos-mains-300x210.jpg 300w\" sizes=\"auto, (max-width: 335px) 100vw, 335px\" \/>[\/vc_column_text][\/vc_column_inner][\/vc_row_inner]<style>.ld_spacer_69e55aba9866a{height:40px;}<\/style>\n<div class=\"ld-empty-space ld_spacer_69e55aba9866a\"><span class=\"liquid_empty_space_inner\"><\/span><\/div>[vc_column_text]Art craftsmen, glassmakers, ironworkers, I carefully select partners recognized for their know-how. They share with me the same requirement: <strong>respect<\/strong> and <strong>integrity<\/strong> in the choice of materials and in the <strong>quality<\/strong> of the realization. In an eco-responsible approach, and for the follow-up of your project, all my partners are located in the Paris region.[\/vc_column_text][\/vc_column][\/vc_row][vc_row css=&#8221;.vc_custom_1627399028293{padding-top: 100px !important;padding-bottom: 75px !important;background-color: #f7f7f7 !important;}&#8221;][vc_column offset=&#8221;vc_col-md-offset-1 vc_col-md-10&#8243;]<style>@media (min-width: 992px) { .ld_fancy_heading_69e55aba98772 h3 {margin-bottom:0.2em !important;  }  } .ld_fancy_heading_69e55aba98772 .lqd-highlight-inner{height:0.275em;bottom:0px;}@media (min-width: 992px) { .ld_fancy_heading_69e55aba98772 h3 {margin-bottom:0.2em !important;  }  } <\/style><div class=\"ld-fancy-heading text-center ld_fancy_heading_69e55aba98772\">\n\t<h3 class=\"lqd-highlight-underline lqd-highlight-grow-left\" ><span class=\"ld-fh-txt\"> With you and for you<\/span><\/h3><\/div><style>.ld_spacer_69e55aba9884f{height:60px;}<\/style>\n<div class=\"ld-empty-space ld_spacer_69e55aba9884f\"><span class=\"liquid_empty_space_inner\"><\/span><\/div>[vc_column_text]As soon as your project is conceived, I provide you with my advice to guide you in your choices.<\/p>\n<p>Share your universe with me, entrust me with your colors.<\/p>\n<p>I submit you personalized proposals taking into account your stakes and your constraints to create a work with your image. I come to your home, bring you samples, a piece I made in order to let you experience my creations in your interior space..[\/vc_column_text][\/vc_column][\/vc_row][vc_row css=&#8221;.vc_custom_1627399938272{padding-top: 100px !important;padding-bottom: 75px !important;}&#8221;][vc_column offset=&#8221;vc_col-md-offset-1 vc_col-md-10&#8243;]<style>@media (min-width: 992px) { .ld_fancy_heading_69e55aba98904 h3 {margin-bottom:0.2em !important;  }  } .ld_fancy_heading_69e55aba98904 .lqd-highlight-inner{height:0.275em;bottom:0px;}@media (min-width: 992px) { .ld_fancy_heading_69e55aba98904 h3 {margin-bottom:0.2em !important;  }  } <\/style><div class=\"ld-fancy-heading text-center ld_fancy_heading_69e55aba98904\">\n\t<h3 class=\"lqd-highlight-underline lqd-highlight-grow-left\" ><span class=\"ld-fh-txt\"> Unique and tailor-made<\/span><\/h3><\/div><style>.ld_spacer_69e55aba989b9{height:60px;}<\/style>\n<div class=\"ld-empty-space ld_spacer_69e55aba989b9\"><span class=\"liquid_empty_space_inner\"><\/span><\/div>[vc_column_text]I put my creativity at the service of your desires to realize unique works that find their right place in your interior.<\/p>\n<p>living\u00a0 works that can evolve over time..<br \/>\nEach glass is reversible, removable and replaceable. You want to change a panel, to impulse new colors in your daily life?<\/p>\n<p>You have a beautiful dining room or living room table with a transparent top that has become damaged over time? The opportunity to revisit and brighten up your table with a unique decorative laminated glass top, to have a new, original and colorful creation?<\/p>\n<p>Je vous con\u00e7ois sur mesure votre plateau qui viendra sublimer, et personnaliser votre int\u00e9rieur.<\/p>\n<p>In less than 3 weeks I will create the tabletop of your dreams!<\/p>\n<p>Heat resistant and made of tempered glass, you will be able to put dishes, even hot ones, in complete safety without fearing scratches.[\/vc_column_text]<style>.ld_spacer_69e55aba98a01{height:60px;}<\/style>\n<div class=\"ld-empty-space ld_spacer_69e55aba98a01\"><span class=\"liquid_empty_space_inner\"><\/span><\/div>[vc_row_inner][vc_column_inner align=&#8221;text-center&#8221;][vc_column_text]<iframe loading=\"lazy\" title=\"YouTube video player\" src=\"https:\/\/www.youtube.com\/embed\/ZornOkJ5Qkk?rel=0&amp;vq=hd1080&amp;modestbranding=1&amp;showinfo=0\" width=\"900\" height=\"506\" frameborder=\"0\" allowfullscreen=\"allowfullscreen\"><\/iframe>[\/vc_column_text][\/vc_column_inner][\/vc_row_inner][\/vc_column][\/vc_row][vc_row disable_element=&#8221;yes&#8221; css=&#8221;.vc_custom_1630661003848{padding-top: 100px !important;padding-bottom: 75px !important;background-color: #f7f7f7 !important;}&#8221;][vc_column offset=&#8221;vc_col-md-offset-1 vc_col-md-10&#8243;]<style>@media (min-width: 992px) { .ld_fancy_heading_69e55aba98a86 h3 {margin-bottom:0.2em !important;  }  } .ld_fancy_heading_69e55aba98a86 .lqd-highlight-inner{height:0.275em;bottom:0px;}@media (min-width: 992px) { .ld_fancy_heading_69e55aba98a86 h3 {margin-bottom:0.2em !important;  }  } <\/style><div class=\"ld-fancy-heading text-center ld_fancy_heading_69e55aba98a86\">\n\t<h3 class=\"lqd-highlight-underline lqd-highlight-grow-left\" ><span class=\"ld-fh-txt\"> Le proc\u00e9d\u00e9<\/span><\/h3><\/div><style>.ld_spacer_69e55aba98b20{height:60px;}<\/style>\n<div class=\"ld-empty-space ld_spacer_69e55aba98b20\"><span class=\"liquid_empty_space_inner\"><\/span><\/div>[vc_column_text]Apr\u00e8s avoir mix\u00e9, superpos\u00e9, d\u00e9coup\u00e9e, \u00e9tir\u00e9, broy\u00e9, positionn\u00e9 mes diff\u00e9rentes mati\u00e8res et fibres, paillettes, fils de couleurs, feuilles d\u2019or&#8230;<\/p>\n<p>Au contact de la chaleur \u00e0 l&#8217;aide d&#8217;un appareil prot\u00e9g\u00e9 par du papier, elle se transforme en un tissu textile intiss\u00e9 extr\u00eamement fin.<\/p>\n<p>Je vais l\u2019apporter en la pliant tr\u00e8s d\u00e9licatement en fonction de sa taille chez un miroitier avec lequel je collabore depuis plusieurs ann\u00e9es et vient la positionner entre deux plaques de verre feuillet\u00e9 tremp\u00e9.[\/vc_column_text]<style>.ld_spacer_69e55aba98b72{height:60px;}<\/style>\n<div class=\"ld-empty-space ld_spacer_69e55aba98b72\"><span class=\"liquid_empty_space_inner\"><\/span><\/div>[vc_row_inner][vc_column_inner width=&#8221;1\/2&#8243;][vc_column_text]<img loading=\"lazy\" decoding=\"async\" class=\"aligncenter wp-image-395\" src=\"https:\/\/glassandartbyf.com\/wp-content\/uploads\/2021\/07\/mise-sous-verre.jpg\" alt=\"\" width=\"457\" height=\"398\" srcset=\"https:\/\/glassandartbyf.com\/wp-content\/uploads\/2021\/07\/mise-sous-verre.jpg 550w, https:\/\/glassandartbyf.com\/wp-content\/uploads\/2021\/07\/mise-sous-verre-300x261.jpg 300w\" sizes=\"auto, (max-width: 457px) 100vw, 457px\" \/>[\/vc_column_text][\/vc_column_inner][vc_column_inner width=&#8221;1\/2&#8243;][vc_column_text]<img loading=\"lazy\" decoding=\"async\" class=\"aligncenter wp-image-396\" src=\"https:\/\/glassandartbyf.com\/wp-content\/uploads\/2021\/07\/process.jpg\" alt=\"\" width=\"360\" height=\"398\" srcset=\"https:\/\/glassandartbyf.com\/wp-content\/uploads\/2021\/07\/process.jpg 550w, https:\/\/glassandartbyf.com\/wp-content\/uploads\/2021\/07\/process-271x300.jpg 271w\" sizes=\"auto, (max-width: 360px) 100vw, 360px\" \/>[\/vc_column_text][\/vc_column_inner][\/vc_row_inner]<style>.ld_spacer_69e55aba98bc5{height:60px;}<\/style>\n<div class=\"ld-empty-space ld_spacer_69e55aba98bc5\"><span class=\"liquid_empty_space_inner\"><\/span><\/div>[vc_column_text]Ce verre permet de supporter les chocs et devient beaucoup plus r\u00e9sistant lors de grands \u00e9carts de temp\u00e9ratures. Il est ensuite chauff\u00e9 dans un four sp\u00e9cial jusqu\u2019\u00e0 environ 140degr\u00e9 en plusieurs \u00e9tapes progressivement.<\/p>\n<p>Des films EVA viennent s\u2019int\u00e9grer dans le verre procurant au vitrage une grande r\u00e9sistance \u00e0 l\u2019humidit\u00e9 et au choc. Il limite \u00e9galement \u00e9norm\u00e9ment le risque de blessure car il ne se brise qu\u2019en petits morceaux sans l\u2019exploser en mille morceaux.<\/p>\n<p>Mes tableaux sont sur fond noir pour laisser encore plus jaillir les couleurs iridescentes des fibres et des mati\u00e8res.[\/vc_column_text][\/vc_column][\/vc_row][vc_row disable_element=&#8221;yes&#8221;][vc_column]<style>.ld_spacer_69e55aba98c03{height:70px;}<\/style>\n<div class=\"ld-empty-space ld_spacer_69e55aba98c03\"><span class=\"liquid_empty_space_inner\"><\/span><\/div>[\/vc_column][\/vc_row]<\/p>\n<\/div>","protected":false},"excerpt":{"rendered":"<p>[vc_row content_placement=&#8221;middle&#8221; parallax=&#8221;enable_parallax&#8221; bg_position=&#8221;center center&#8221; enable_overlay=&#8221;yes&#8221; css=&#8221;.vc_custom_1625071421281{padding-top: 50px !important;padding-bottom: 30px !important;background: #474646 url(https:\/\/glassandartbyf.com\/wp-content\/uploads\/2021\/03\/GLASSANDART_C_AMBIANCE-BD.jpg?id=64);background-position:center;background-repeat: no-repeat !important;background-size:&#8230;<\/p>\n","protected":false},"author":1,"featured_media":0,"parent":0,"menu_order":0,"comment_status":"closed","ping_status":"closed","template":"","meta":{"footnotes":""},"class_list":["post-816","page","type-page","status-publish","hentry"],"aioseo_notices":[],"_links":{"self":[{"href":"https:\/\/glassandartbyf.com\/en\/wp-json\/wp\/v2\/pages\/816","targetHints":{"allow":["GET"]}}],"collection":[{"href":"https:\/\/glassandartbyf.com\/en\/wp-json\/wp\/v2\/pages"}],"about":[{"href":"https:\/\/glassandartbyf.com\/en\/wp-json\/wp\/v2\/types\/page"}],"author":[{"embeddable":true,"href":"https:\/\/glassandartbyf.com\/en\/wp-json\/wp\/v2\/users\/1"}],"replies":[{"embeddable":true,"href":"https:\/\/glassandartbyf.com\/en\/wp-json\/wp\/v2\/comments?post=816"}],"version-history":[{"count":5,"href":"https:\/\/glassandartbyf.com\/en\/wp-json\/wp\/v2\/pages\/816\/revisions"}],"predecessor-version":[{"id":1070,"href":"https:\/\/glassandartbyf.com\/en\/wp-json\/wp\/v2\/pages\/816\/revisions\/1070"}],"wp:attachment":[{"href":"https:\/\/glassandartbyf.com\/en\/wp-json\/wp\/v2\/media?parent=816"}],"curies":[{"name":"wp","href":"https:\/\/api.w.org\/{rel}","templated":true}]}}